{"id":2161,"date":"2014-07-05T14:25:32","date_gmt":"2014-07-05T12:25:32","guid":{"rendered":"https:\/\/velmerstot.sawah.mobi\/?page_id=2161"},"modified":"2024-07-03T15:55:12","modified_gmt":"2024-07-03T13:55:12","slug":"leben-im-treibhaus","status":"publish","type":"page","link":"https:\/\/velmerstot.sawah.mobi\/?page_id=2161","title":{"rendered":"Erlebnispunkt 6: Globale Trendwende jetzt!"},"content":{"rendered":"<p>Der globale Klimawandel ist weltweit zu einem zentralen politischen und gesellschaftlichen Diskussionsthema geworden. T\u00e4glich finden wir in den Medien Beitr\u00e4ge zu Klimaszenarien und Treibhausgasen, zu Ma\u00dfnahmen der Emissionsminderung und zu notwendigen Anpassungsprozessen. Dabei kursieren viele Zahlen, Vorhersagen und Meinungen, die es schwer machen, sich ein qualifiziertes Bild von den Ver\u00e4nderungen und deren Bedeutung zu machen. Nach dem 6. Klimabericht (IPCC 2023) ist es mit gro\u00dfen kostenintensiven Techniken, die neue Gefahren bergen, nach wie vor m\u00f6glich, die globale Erw\u00e4rmung auf 1,5 Grad Celsius zu begrenzen. Daf\u00fcr sind allerdings eine sofortige globale Trendwende sowie tiefgreifende Treibhausgasminderungen in allen Weltregionen und allen Sektoren n\u00f6tig. Diese Trendwende ist allerdings noch nicht zu erkennen.<\/p>\n<p>Durch die Erw\u00e4rmung wird das ,,Klima-Karussell&#8220; angekurbelt, die Niederschlagsverh\u00e4ltnisse \u00e4ndern sich, extreme Wetterereignisse wie St\u00fcrme und Starkregen nehmen zu und beeinflussen global und lokal unser Leben.<\/p>\n<p><strong>Mit Klimamodellen in die Zukunft schauen<\/strong><br \/>\nMit der Diskussion um den globalen Klimawandel ist die Klimaforschung stark intensiviert worden. So wurden beispielsweise f\u00fcr Deutschland mit Hilfe des regionalen Klimamodells REMO die Ver\u00e4nderung wichtiger klimatische Faktoren wie Niederschlag und Temperatur berechnet. Relativ \u00fcbereinstimmend sagen zahlreiche Modelle f\u00fcr die Zukunft eine tendenzielle Verschiebung der Niederschl\u00e4ge vom Sommer in den Winter voraus. Au\u00dferdem soll es w\u00e4rmer werden, vor allem im Winter.<\/p>\n<p><strong>Anpassung ist notwendig<\/strong><br \/>\nAuch wenn die Weltgemeinschaft entschlossen handelt und ab sofort f\u00fcr eine massive Minderung der Treibhausgasemissionen sorgen w\u00fcrde, lie\u00dfen sich die Folgen des Klimawandels nicht mehr vollst\u00e4ndig vermeiden. Das Klimasystem reagiert tr\u00e4ge. Das bedeutet, das sich die Wirkungen der hohen Treibhausgasemissionen von heute erst zeitverz\u00f6gert in den kommenden Jahrzehnten bemerkbar machen werden. Deshalb muss es, zus\u00e4tzlich zum Bem\u00fchen um eine Minderung der Emissionen, zunehmend auch darum gehen, Strategien f\u00fcr eine Anpassung an die nicht (mehr) vermeidbaren Klimafolgen umzusetzen und zu entwickeln. Dies gilt nicht nur f\u00fcr besonders gef\u00e4hrdete Regionen wie Meeresk\u00fcsten, die besiedelten hochwassergef\u00e4hrdeten Bereiche entlang der gro\u00dfen Fl\u00fcsse, die Lawinenschutzw\u00e4lder in den Hochgebirgen oder f\u00fcr die schon heute von Sommertrockenheit betroffenen Regionen im \u00f6stlichen Deutschland. Auch hier im Naturpark sind die Folgen bereits jetzt sichtbar und machen Anpassungsma\u00dfnahmen notwendig.<br \/>\n<\/p>","protected":false},"excerpt":{"rendered":"<p>Der globale Klimawandel ist weltweit zu einem zentralen politischen und gesellschaftlichen Diskussionsthema geworden. T\u00e4glich finden wir in den Medien Beitr\u00e4ge zu Klimaszenarien und Treibhausgasen, zu Ma\u00dfnahmen der Emissionsminderung und zu notwendigen Anpassungsprozessen. Dabei kursieren viele Zahlen, Vorhersagen und Meinungen, die es schwer machen, sich ein qualifiziertes Bild von den Ver\u00e4nderungen und deren Bedeutung zu machen. &hellip; <\/p>\n<p class=\"link-more\"><a href=\"https:\/\/velmerstot.sawah.mobi\/?page_id=2161\" class=\"more-link\"><span class=\"screen-reader-text\">\u201eErlebnispunkt 6: Globale Trendwende jetzt!\u201c<\/span> weiterlesen<\/a><\/p>\n","protected":false},"author":1,"featured_media":2387,"parent":0,"menu_order":0,"comment_status":"open","ping_status":"open","template":"","meta":{"footnotes":""},"_links":{"self":[{"href":"https:\/\/velmerstot.sawah.mobi\/index.php?rest_route=\/wp\/v2\/pages\/2161"}],"collection":[{"href":"https:\/\/velmerstot.sawah.mobi\/index.php?rest_route=\/wp\/v2\/pages"}],"about":[{"href":"https:\/\/velmerstot.sawah.mobi\/index.php?rest_route=\/wp\/v2\/types\/page"}],"author":[{"embeddable":true,"href":"https:\/\/velmerstot.sawah.mobi\/index.php?rest_route=\/wp\/v2\/users\/1"}],"replies":[{"embeddable":true,"href":"https:\/\/velmerstot.sawah.mobi\/index.php?rest_route=%2Fwp%2Fv2%2Fcomments&post=2161"}],"version-history":[{"count":7,"href":"https:\/\/velmerstot.sawah.mobi\/index.php?rest_route=\/wp\/v2\/pages\/2161\/revisions"}],"predecessor-version":[{"id":2397,"href":"https:\/\/velmerstot.sawah.mobi\/index.php?rest_route=\/wp\/v2\/pages\/2161\/revisions\/2397"}],"wp:featuredmedia":[{"embeddable":true,"href":"https:\/\/velmerstot.sawah.mobi\/index.php?rest_route=\/wp\/v2\/media\/2387"}],"wp:attachment":[{"href":"https:\/\/velmerstot.sawah.mobi\/index.php?rest_route=%2Fwp%2Fv2%2Fmedia&parent=2161"}],"curies":[{"name":"wp","href":"https:\/\/api.w.org\/{rel}","templated":true}]}}